{"id":1916,"date":"2014-05-09T09:26:58","date_gmt":"2014-05-09T07:26:58","guid":{"rendered":"https:\/\/www.enz-der-pflaesterer.ch\/natursteinbelaege\/"},"modified":"2018-06-14T15:41:41","modified_gmt":"2018-06-14T13:41:41","slug":"dallages","status":"publish","type":"page","link":"https:\/\/www.enz-der-pflaesterer.ch\/fr\/dallages\/","title":{"rendered":"Dallages"},"content":{"rendered":"<p>La pierre naturelle est depuis des mill\u00e9naires un mat\u00e9riel de construction \u00e9prouv\u00e9e dans diff\u00e9rentes sortes telles que le calcaire, granit, marbre, ardoise, etc. Avec la beaut\u00e9 naturelle des pierres, elles sont utilis\u00e9es pour la construction des fa\u00e7ades, des sols ext\u00e9rieurs et en particulier pour la d\u00e9coration int\u00e9rieure pour les sols, les escaliers et les salles de bains. D\u2019innombrables ma\u00eetres d\u2019ouvrage prennent grand plaisir dans leur cuisine \u00e0 leur plan de travail. La pierre naturelle a \u00e9t\u00e9 pr\u00e9c\u00e9demment d\u00e9j\u00e0 exp\u00e9riment\u00e9e pour la construction des villes, grandes et petites, \u00e9glises, ponts et surtout comme mat\u00e9riel durable pour les sols pendant des si\u00e8cles et est c\u00e9l\u00e8bre pour sa durabilit\u00e9. Encore aujourd\u2019hui, la pierre naturelle fait partie des mat\u00e9riaux durables pour l\u2019architecture et compte parmi les mat\u00e9riaux de construction les plus appr\u00e9ci\u00e9 pour l\u2019int\u00e9rieur et l\u2019ext\u00e9rieur. En plus des grandes vari\u00e9t\u00e9s d\u2019apparences, les ph\u00e9nom\u00e8nes de veines et fossiles incluent dans la pierre sont appr\u00e9ci\u00e9es par les architectes et les designers pour la conception architecturale.<\/p>\n","protected":false},"excerpt":{"rendered":"<p>La pierre naturelle est depuis des mill\u00e9naires un mat\u00e9riel de construction \u00e9prouv\u00e9e dans diff\u00e9rentes sortes telles que le calcaire, granit, marbre, ardoise, etc. Avec la beaut\u00e9 naturelle des pierres, elles sont utilis\u00e9es pour la construction des fa\u00e7ades, des sols ext\u00e9rieurs et en particulier pour la d\u00e9coration int\u00e9rieure pour les sols, les escaliers et les salles<a class=\"excerpt-read-more\" href=\"https:\/\/www.enz-der-pflaesterer.ch\/fr\/dallages\/\" title=\"ReadDallages\">&#8230; Read more &raquo;<\/a><\/p>\n","protected":false},"author":3,"featured_media":0,"parent":0,"menu_order":2,"comment_status":"open","ping_status":"open","template":"","meta":[],"acf":[],"yoast_head":"<!-- This site is optimized with the Yoast SEO plugin v18.5.1 - https:\/\/yoast.com\/wordpress\/plugins\/seo\/ -->\n<title>Dallages - Enz Gruppe<\/title>\n<meta name=\"robots\" content=\"index, follow, max-snippet:-1, max-image-preview:large, max-video-preview:-1\" \/>\n<link rel=\"canonical\" href=\"https:\/\/www.enz-der-pflaesterer.ch\/fr\/dallages\/\" \/>\n<meta property=\"og:locale\" content=\"fr_FR\" \/>\n<meta property=\"og:type\" content=\"article\" \/>\n<meta property=\"og:title\" content=\"Dallages - Enz Gruppe\" \/>\n<meta property=\"og:description\" content=\"La pierre naturelle est depuis des mill\u00e9naires un mat\u00e9riel de construction \u00e9prouv\u00e9e dans diff\u00e9rentes sortes telles que le calcaire, granit, marbre, ardoise, etc. Avec la beaut\u00e9 naturelle des pierres, elles sont utilis\u00e9es pour la construction des fa\u00e7ades, des sols ext\u00e9rieurs et en particulier pour la d\u00e9coration int\u00e9rieure pour les sols, les escaliers et les salles... Read more &raquo;\" \/>\n<meta property=\"og:url\" content=\"https:\/\/www.enz-der-pflaesterer.ch\/fr\/dallages\/\" \/>\n<meta property=\"og:site_name\" content=\"Enz Gruppe\" \/>\n<meta property=\"article:modified_time\" content=\"2018-06-14T13:41:41+00:00\" \/>\n<meta name=\"twitter:card\" content=\"summary_large_image\" \/>\n<meta name=\"twitter:label1\" content=\"Dur\u00e9e de lecture estim\u00e9e\" \/>\n\t<meta name=\"twitter:data1\" content=\"1 minute\" \/>\n<script type=\"application\/ld+json\" class=\"yoast-schema-graph\">{\"@context\":\"https:\/\/schema.org\",\"@graph\":[{\"@type\":\"WebSite\",\"@id\":\"https:\/\/www.enz-der-pflaesterer.ch\/#website\",\"url\":\"https:\/\/www.enz-der-pflaesterer.ch\/\",\"name\":\"Enz Gruppe\",\"description\":\"Hochwertige Pfl\u00e4sterungen, Bel\u00e4ge und Natursteine f\u00fcr den Innen- und Aussenbereich.\",\"potentialAction\":[{\"@type\":\"SearchAction\",\"target\":{\"@type\":\"EntryPoint\",\"urlTemplate\":\"https:\/\/www.enz-der-pflaesterer.ch\/?s={search_term_string}\"},\"query-input\":\"required name=search_term_string\"}],\"inLanguage\":\"fr-FR\"},{\"@type\":\"WebPage\",\"@id\":\"https:\/\/www.enz-der-pflaesterer.ch\/fr\/dallages\/#webpage\",\"url\":\"https:\/\/www.enz-der-pflaesterer.ch\/fr\/dallages\/\",\"name\":\"Dallages - Enz Gruppe\",\"isPartOf\":{\"@id\":\"https:\/\/www.enz-der-pflaesterer.ch\/#website\"},\"datePublished\":\"2014-05-09T07:26:58+00:00\",\"dateModified\":\"2018-06-14T13:41:41+00:00\",\"breadcrumb\":{\"@id\":\"https:\/\/www.enz-der-pflaesterer.ch\/fr\/dallages\/#breadcrumb\"},\"inLanguage\":\"fr-FR\",\"potentialAction\":[{\"@type\":\"ReadAction\",\"target\":[\"https:\/\/www.enz-der-pflaesterer.ch\/fr\/dallages\/\"]}]},{\"@type\":\"BreadcrumbList\",\"@id\":\"https:\/\/www.enz-der-pflaesterer.ch\/fr\/dallages\/#breadcrumb\",\"itemListElement\":[{\"@type\":\"ListItem\",\"position\":1,\"name\":\"Startseite\",\"item\":\"https:\/\/www.enz-der-pflaesterer.ch\/fr\/\"},{\"@type\":\"ListItem\",\"position\":2,\"name\":\"Dallages\"}]}]}<\/script>\n<!-- \/ Yoast SEO plugin. -->","yoast_head_json":{"title":"Dallages - Enz Gruppe","robots":{"index":"index","follow":"follow","max-snippet":"max-snippet:-1","max-image-preview":"max-image-preview:large","max-video-preview":"max-video-preview:-1"},"canonical":"https:\/\/www.enz-der-pflaesterer.ch\/fr\/dallages\/","og_locale":"fr_FR","og_type":"article","og_title":"Dallages - Enz Gruppe","og_description":"La pierre naturelle est depuis des mill\u00e9naires un mat\u00e9riel de construction \u00e9prouv\u00e9e dans diff\u00e9rentes sortes telles que le calcaire, granit, marbre, ardoise, etc. Avec la beaut\u00e9 naturelle des pierres, elles sont utilis\u00e9es pour la construction des fa\u00e7ades, des sols ext\u00e9rieurs et en particulier pour la d\u00e9coration int\u00e9rieure pour les sols, les escaliers et les salles... Read more &raquo;","og_url":"https:\/\/www.enz-der-pflaesterer.ch\/fr\/dallages\/","og_site_name":"Enz Gruppe","article_modified_time":"2018-06-14T13:41:41+00:00","twitter_card":"summary_large_image","twitter_misc":{"Dur\u00e9e de lecture estim\u00e9e":"1 minute"},"schema":{"@context":"https:\/\/schema.org","@graph":[{"@type":"WebSite","@id":"https:\/\/www.enz-der-pflaesterer.ch\/#website","url":"https:\/\/www.enz-der-pflaesterer.ch\/","name":"Enz Gruppe","description":"Hochwertige Pfl\u00e4sterungen, Bel\u00e4ge und Natursteine f\u00fcr den Innen- und Aussenbereich.","potentialAction":[{"@type":"SearchAction","target":{"@type":"EntryPoint","urlTemplate":"https:\/\/www.enz-der-pflaesterer.ch\/?s={search_term_string}"},"query-input":"required name=search_term_string"}],"inLanguage":"fr-FR"},{"@type":"WebPage","@id":"https:\/\/www.enz-der-pflaesterer.ch\/fr\/dallages\/#webpage","url":"https:\/\/www.enz-der-pflaesterer.ch\/fr\/dallages\/","name":"Dallages - Enz Gruppe","isPartOf":{"@id":"https:\/\/www.enz-der-pflaesterer.ch\/#website"},"datePublished":"2014-05-09T07:26:58+00:00","dateModified":"2018-06-14T13:41:41+00:00","breadcrumb":{"@id":"https:\/\/www.enz-der-pflaesterer.ch\/fr\/dallages\/#breadcrumb"},"inLanguage":"fr-FR","potentialAction":[{"@type":"ReadAction","target":["https:\/\/www.enz-der-pflaesterer.ch\/fr\/dallages\/"]}]},{"@type":"BreadcrumbList","@id":"https:\/\/www.enz-der-pflaesterer.ch\/fr\/dallages\/#breadcrumb","itemListElement":[{"@type":"ListItem","position":1,"name":"Startseite","item":"https:\/\/www.enz-der-pflaesterer.ch\/fr\/"},{"@type":"ListItem","position":2,"name":"Dallages"}]}]}},"_links":{"self":[{"href":"https:\/\/www.enz-der-pflaesterer.ch\/fr\/wp-json\/wp\/v2\/pages\/1916"}],"collection":[{"href":"https:\/\/www.enz-der-pflaesterer.ch\/fr\/wp-json\/wp\/v2\/pages"}],"about":[{"href":"https:\/\/www.enz-der-pflaesterer.ch\/fr\/wp-json\/wp\/v2\/types\/page"}],"author":[{"embeddable":true,"href":"https:\/\/www.enz-der-pflaesterer.ch\/fr\/wp-json\/wp\/v2\/users\/3"}],"replies":[{"embeddable":true,"href":"https:\/\/www.enz-der-pflaesterer.ch\/fr\/wp-json\/wp\/v2\/comments?post=1916"}],"version-history":[{"count":1,"href":"https:\/\/www.enz-der-pflaesterer.ch\/fr\/wp-json\/wp\/v2\/pages\/1916\/revisions"}],"predecessor-version":[{"id":1930,"href":"https:\/\/www.enz-der-pflaesterer.ch\/fr\/wp-json\/wp\/v2\/pages\/1916\/revisions\/1930"}],"wp:attachment":[{"href":"https:\/\/www.enz-der-pflaesterer.ch\/fr\/wp-json\/wp\/v2\/media?parent=1916"}],"curies":[{"name":"wp","href":"https:\/\/api.w.org\/{rel}","templated":true}]}}